{"id":981,"date":"2020-01-04T14:23:03","date_gmt":"2020-01-04T14:23:03","guid":{"rendered":"http:\/\/ue9u1aifzu.preview.infomaniak.website\/champions\/"},"modified":"2020-05-04T15:00:29","modified_gmt":"2020-05-04T15:00:29","slug":"champions","status":"publish","type":"page","link":"https:\/\/taekwondobrussels.be\/en\/champions\/","title":{"rendered":"Champions"},"content":{"rendered":"\t\t<div data-elementor-type=\"wp-page\" data-elementor-id=\"981\" class=\"elementor elementor-981 elementor-34\" data-elementor-post-type=\"page\">\n\t\t\t\t\t\t<section class=\"elementor-section elementor-top-section elementor-element elementor-element-155b0885 elementor-section-height-min-height elementor-hidden-phone elementor-section-boxed elementor-section-height-default elementor-section-items-middle\" data-id=\"155b0885\" data-element_type=\"section\" data-settings=\"{&quot;background_background&quot;:&quot;classic&quot;}\">\n\t\t\t\t\t\t<div class=\"elementor-container elementor-column-gap-default\">\n\t\t\t\t\t<div class=\"elementor-column elementor-col-100 elementor-top-column elementor-element elementor-element-4fab6231\" data-id=\"4fab6231\" data-element_type=\"column\">\n\t\t\t<div class=\"elementor-widget-wrap\">\n\t\t\t\t\t\t\t<\/div>\n\t\t<\/div>\n\t\t\t\t\t<\/div>\n\t\t<\/section>\n\t\t\t\t<section class=\"elementor-section elementor-top-section elementor-element elementor-element-15781b58 elementor-section-stretched elementor-section-full_width elementor-hidden-desktop elementor-hidden-tablet elementor-section-height-default elementor-section-height-default\" data-id=\"15781b58\" data-element_type=\"section\" data-settings=\"{&quot;stretch_section&quot;:&quot;section-stretched&quot;}\">\n\t\t\t\t\t\t<div class=\"elementor-container elementor-column-gap-default\">\n\t\t\t\t\t<div class=\"elementor-column elementor-col-100 elementor-top-column elementor-element elementor-element-7259d103\" data-id=\"7259d103\" data-element_type=\"column\">\n\t\t\t<div class=\"elementor-widget-wrap elementor-element-populated\">\n\t\t\t\t\t\t<div class=\"elementor-element elementor-element-5d08425c elementor-hidden-desktop elementor-widget elementor-widget-image\" data-id=\"5d08425c\" data-element_type=\"widget\" data-widget_type=\"image.default\">\n\t\t\t\t<div class=\"elementor-widget-container\">\n\t\t\t\t\t\t\t\t\t\t\t\t\t\t\t<img fetchpriority=\"high\" decoding=\"async\" width=\"400\" height=\"400\" src=\"https:\/\/taekwondobrussels.be\/wp-content\/uploads\/2020\/04\/IMG_20200406_192745.jpg\" class=\"attachment-full size-full wp-image-1365\" alt=\"\" srcset=\"https:\/\/taekwondobrussels.be\/wp-content\/uploads\/2020\/04\/IMG_20200406_192745.jpg 400w, https:\/\/taekwondobrussels.be\/wp-content\/uploads\/2020\/04\/IMG_20200406_192745-300x300.jpg 300w, https:\/\/taekwondobrussels.be\/wp-content\/uploads\/2020\/04\/IMG_20200406_192745-150x150.jpg 150w\" sizes=\"(max-width: 400px) 100vw, 400px\" \/>\t\t\t\t\t\t\t\t\t\t\t\t\t\t\t<\/div>\n\t\t\t\t<\/div>\n\t\t\t\t\t<\/div>\n\t\t<\/div>\n\t\t\t\t\t<\/div>\n\t\t<\/section>\n\t\t\t\t<section class=\"elementor-section elementor-top-section elementor-element elementor-element-13a4587b elementor-section-boxed elementor-section-height-default elementor-section-height-default\" data-id=\"13a4587b\" data-element_type=\"section\">\n\t\t\t\t\t\t<div class=\"elementor-container elementor-column-gap-default\">\n\t\t\t\t\t<div class=\"elementor-column elementor-col-100 elementor-top-column elementor-element elementor-element-4452cec6\" data-id=\"4452cec6\" data-element_type=\"column\">\n\t\t\t<div class=\"elementor-widget-wrap elementor-element-populated\">\n\t\t\t\t\t\t<div class=\"elementor-element elementor-element-27c5ee34 elementor-widget elementor-widget-text-editor\" data-id=\"27c5ee34\" data-element_type=\"widget\" data-widget_type=\"text-editor.default\">\n\t\t\t\t<div class=\"elementor-widget-container\">\n\t\t\t\t\t\t\t\t\t<h1>Mudukwan Champions<\/h1><p>For 35 years, the club has been training top athletes who have shone at the highest level of world takewondo.<br \/>Here are several athletes with an exemplary international career.<br \/>These champions have distinguished themselves on national teams :<br \/><span style=\"font-size: 1rem;\"><br \/><strong>Morocco<\/strong><br \/><\/span><span style=\"font-size: 1rem;\">Abdelkader Zrouri<\/span><\/p><p><strong>Belgium<\/strong><br \/>Maryam Ismaily<br \/>Abdelkrim Hohoud<br \/>Zoubir Lamarti<br \/>Abdelouahab El Amadi<br \/>David Calabro<br \/>Samir Jo\u00fcl<\/p><p><strong>Democratic Republic of Congo<\/strong><br \/>Leidji Merlo<br \/>Isiah Merlo<\/p><p><strong>Nigeria<\/strong><br \/>Chamso Tidjani<\/p>\t\t\t\t\t\t\t\t<\/div>\n\t\t\t\t<\/div>\n\t\t\t\t<div class=\"elementor-element elementor-element-86eb9d3 elementor-widget elementor-widget-gallery\" data-id=\"86eb9d3\" data-element_type=\"widget\" data-settings=\"{&quot;gallery_layout&quot;:&quot;masonry&quot;,&quot;gap&quot;:{&quot;unit&quot;:&quot;px&quot;,&quot;size&quot;:3,&quot;sizes&quot;:[]},&quot;overlay_title&quot;:&quot;title&quot;,&quot;overlay_description&quot;:&quot;description&quot;,&quot;image_hover_animation&quot;:&quot;grow&quot;,&quot;content_hover_animation&quot;:&quot;enter-zoom-in&quot;,&quot;content_sequenced_animation&quot;:&quot;yes&quot;,&quot;lazyload&quot;:&quot;yes&quot;,&quot;columns&quot;:4,&quot;columns_tablet&quot;:2,&quot;columns_mobile&quot;:1,&quot;gap_tablet&quot;:{&quot;unit&quot;:&quot;px&quot;,&quot;size&quot;:10,&quot;sizes&quot;:[]},&quot;gap_mobile&quot;:{&quot;unit&quot;:&quot;px&quot;,&quot;size&quot;:10,&quot;sizes&quot;:[]},&quot;link_to&quot;:&quot;file&quot;,&quot;overlay_background&quot;:&quot;yes&quot;}\" data-widget_type=\"gallery.default\">\n\t\t\t\t<div class=\"elementor-widget-container\">\n\t\t\t\t\t\t\t<div class=\"elementor-gallery__container\">\n\t\t\t\t\t\t\t<a class=\"e-gallery-item elementor-gallery-item elementor-animated-content\" href=\"https:\/\/taekwondobrussels.be\/wp-content\/uploads\/2020\/02\/IMG_20200206_162155.jpg\" data-elementor-open-lightbox=\"yes\" data-elementor-lightbox-slideshow=\"86eb9d3\" data-elementor-lightbox-title=\"ABDELKADER ZROURI\" data-elementor-lightbox-description=\"Vice champion du monde 2005 et m\u00e9daille de Bronze aux championnats du monde 2007\/ 5\u00e8me aux JO 2004 et JO 2008\/ Multiple champion d&#039;Afrique \/ Multiple Vainqueur de G1\" data-e-action-hash=\"#elementor-action%3Aaction%3Dlightbox%26settings%3DeyJpZCI6OTA0LCJ1cmwiOiJodHRwczpcL1wvdGFla3dvbmRvYnJ1c3NlbHMuYmVcL3dwLWNvbnRlbnRcL3VwbG9hZHNcLzIwMjBcLzAyXC9JTUdfMjAyMDAyMDZfMTYyMTU1LmpwZyIsInNsaWRlc2hvdyI6Ijg2ZWI5ZDMifQ%3D%3D\">\n\t\t\t\t\t<div class=\"e-gallery-image elementor-gallery-item__image\" data-thumbnail=\"https:\/\/taekwondobrussels.be\/wp-content\/uploads\/2020\/02\/IMG_20200206_162155-300x300.jpg\" data-width=\"300\" data-height=\"300\" aria-label=\"ABDELKADER ZROURI\" role=\"img\" ><\/div>\n\t\t\t\t\t\t\t\t\t\t\t<div class=\"elementor-gallery-item__overlay\"><\/div>\n\t\t\t\t\t\t\t\t\t\t\t\t\t\t\t<div class=\"elementor-gallery-item__content\">\n\t\t\t\t\t\t\t\t\t\t\t\t\t\t<div class=\"elementor-gallery-item__title\">\n\t\t\t\t\t\t\t\t\t\t\t\t\t\t\t\t\t\tABDELKADER ZROURI\t\t\t\t\t\t\t\t<\/div>\n\t\t\t\t\t\t\t\t\t\t\t\t\t\t\t<div class=\"elementor-gallery-item__description\">\n\t\t\t\t\t\t\t\t\t\t\t\t\t\t\t\t\t\tVice champion du monde 2005 et m\u00e9daille de Bronze aux championnats du monde 2007\/ 5\u00e8me aux JO 2004 et JO 2008\/ Multiple champion d'Afrique \/ Multiple Vainqueur de G1\t\t\t\t\t\t\t\t<\/div>\n\t\t\t\t\t\t\t\t\t\t\t\t<\/div>\n\t\t\t\t\t\t\t\t\t<\/a>\n\t\t\t\t\t\t\t<a class=\"e-gallery-item elementor-gallery-item elementor-animated-content\" href=\"https:\/\/taekwondobrussels.be\/wp-content\/uploads\/2020\/01\/maryam.jpg\" data-elementor-open-lightbox=\"yes\" data-elementor-lightbox-slideshow=\"86eb9d3\" data-elementor-lightbox-title=\"MARYAM ISMAILI\" data-elementor-lightbox-description=\"7\u00e8me au ranking mondial \/ Participation \u00e0 plusieurs championnats du monde \/ Vainqueur de plusieurs G1 \/  Multiple championne de Belgique\" data-e-action-hash=\"#elementor-action%3Aaction%3Dlightbox%26settings%3DeyJpZCI6NTE4LCJ1cmwiOiJodHRwczpcL1wvdGFla3dvbmRvYnJ1c3NlbHMuYmVcL3dwLWNvbnRlbnRcL3VwbG9hZHNcLzIwMjBcLzAxXC9tYXJ5YW0uanBnIiwic2xpZGVzaG93IjoiODZlYjlkMyJ9\">\n\t\t\t\t\t<div class=\"e-gallery-image elementor-gallery-item__image\" data-thumbnail=\"https:\/\/taekwondobrussels.be\/wp-content\/uploads\/2020\/01\/maryam-300x300.jpg\" data-width=\"300\" data-height=\"300\" aria-label=\"\" role=\"img\" ><\/div>\n\t\t\t\t\t\t\t\t\t\t\t<div class=\"elementor-gallery-item__overlay\"><\/div>\n\t\t\t\t\t\t\t\t\t\t\t\t\t\t\t<div class=\"elementor-gallery-item__content\">\n\t\t\t\t\t\t\t\t\t\t\t\t\t\t<div class=\"elementor-gallery-item__title\">\n\t\t\t\t\t\t\t\t\t\t\t\t\t\t\t\t\t\tMARYAM ISMAILI\t\t\t\t\t\t\t\t<\/div>\n\t\t\t\t\t\t\t\t\t\t\t\t\t\t\t<div class=\"elementor-gallery-item__description\">\n\t\t\t\t\t\t\t\t\t\t\t\t\t\t\t\t\t\t7\u00e8me au ranking mondial \/ Participation \u00e0 plusieurs championnats du monde \/ Vainqueur de plusieurs G1 \/  Multiple championne de Belgique\t\t\t\t\t\t\t\t<\/div>\n\t\t\t\t\t\t\t\t\t\t\t\t<\/div>\n\t\t\t\t\t\t\t\t\t<\/a>\n\t\t\t\t\t\t\t<a class=\"e-gallery-item elementor-gallery-item elementor-animated-content\" href=\"https:\/\/taekwondobrussels.be\/wp-content\/uploads\/2020\/01\/Abdelkrimjpg.jpg\" data-elementor-open-lightbox=\"yes\" data-elementor-lightbox-slideshow=\"86eb9d3\" data-elementor-lightbox-title=\"ABDELKRIM HOHOUD\" data-elementor-lightbox-description=\"Vice champion d&#039;Europe \/ 3 fois 5\u00e8me au championnat d&#039;Europe \/ 2 fois 3\u00e8me \u00e0 la coupe du monde francophone \/ 3 fois 5\u00e8me au championnat du Monde \/ Pr\u00e9s\u00e9lectionn\u00e9 aux JO \/ Multiple champion de Belgique \/ Multiple Vainqueur de G1\" data-e-action-hash=\"#elementor-action%3Aaction%3Dlightbox%26settings%3DeyJpZCI6NTE1LCJ1cmwiOiJodHRwczpcL1wvdGFla3dvbmRvYnJ1c3NlbHMuYmVcL3dwLWNvbnRlbnRcL3VwbG9hZHNcLzIwMjBcLzAxXC9BYmRlbGtyaW1qcGcuanBnIiwic2xpZGVzaG93IjoiODZlYjlkMyJ9\">\n\t\t\t\t\t<div class=\"e-gallery-image elementor-gallery-item__image\" data-thumbnail=\"https:\/\/taekwondobrussels.be\/wp-content\/uploads\/2020\/01\/Abdelkrimjpg-300x300.jpg\" data-width=\"300\" data-height=\"300\" aria-label=\"ABDELKRIM HOHOUD\" role=\"img\" ><\/div>\n\t\t\t\t\t\t\t\t\t\t\t<div class=\"elementor-gallery-item__overlay\"><\/div>\n\t\t\t\t\t\t\t\t\t\t\t\t\t\t\t<div class=\"elementor-gallery-item__content\">\n\t\t\t\t\t\t\t\t\t\t\t\t\t\t<div class=\"elementor-gallery-item__title\">\n\t\t\t\t\t\t\t\t\t\t\t\t\t\t\t\t\t\tABDELKRIM HOHOUD\t\t\t\t\t\t\t\t<\/div>\n\t\t\t\t\t\t\t\t\t\t\t\t\t\t\t<div class=\"elementor-gallery-item__description\">\n\t\t\t\t\t\t\t\t\t\t\t\t\t\t\t\t\t\tVice champion d'Europe \/ 3 fois 5\u00e8me au championnat d'Europe \/ 2 fois 3\u00e8me \u00e0 la coupe du monde francophone \/ 3 fois 5\u00e8me au championnat du Monde \/ Pr\u00e9s\u00e9lectionn\u00e9 aux JO \/ Multiple champion de Belgique \/ Multiple Vainqueur de G1\t\t\t\t\t\t\t\t<\/div>\n\t\t\t\t\t\t\t\t\t\t\t\t<\/div>\n\t\t\t\t\t\t\t\t\t<\/a>\n\t\t\t\t\t\t\t<a class=\"e-gallery-item elementor-gallery-item elementor-animated-content\" href=\"https:\/\/taekwondobrussels.be\/wp-content\/uploads\/2020\/02\/IMG_20200206_162312.jpg\" data-elementor-open-lightbox=\"yes\" data-elementor-lightbox-slideshow=\"86eb9d3\" data-elementor-lightbox-title=\"DAVID CALABRO\" data-elementor-lightbox-description=\"Participation \u00e0 plusieurs championnats du monde \/ Multiple champion de Belgique\" data-e-action-hash=\"#elementor-action%3Aaction%3Dlightbox%26settings%3DeyJpZCI6OTEwLCJ1cmwiOiJodHRwczpcL1wvdGFla3dvbmRvYnJ1c3NlbHMuYmVcL3dwLWNvbnRlbnRcL3VwbG9hZHNcLzIwMjBcLzAyXC9JTUdfMjAyMDAyMDZfMTYyMzEyLmpwZyIsInNsaWRlc2hvdyI6Ijg2ZWI5ZDMifQ%3D%3D\">\n\t\t\t\t\t<div class=\"e-gallery-image elementor-gallery-item__image\" data-thumbnail=\"https:\/\/taekwondobrussels.be\/wp-content\/uploads\/2020\/02\/IMG_20200206_162312-300x300.jpg\" data-width=\"300\" data-height=\"300\" aria-label=\"DAVID CALABRO\" role=\"img\" ><\/div>\n\t\t\t\t\t\t\t\t\t\t\t<div class=\"elementor-gallery-item__overlay\"><\/div>\n\t\t\t\t\t\t\t\t\t\t\t\t\t\t\t<div class=\"elementor-gallery-item__content\">\n\t\t\t\t\t\t\t\t\t\t\t\t\t\t<div class=\"elementor-gallery-item__title\">\n\t\t\t\t\t\t\t\t\t\t\t\t\t\t\t\t\t\tDAVID CALABRO\t\t\t\t\t\t\t\t<\/div>\n\t\t\t\t\t\t\t\t\t\t\t\t\t\t\t<div class=\"elementor-gallery-item__description\">\n\t\t\t\t\t\t\t\t\t\t\t\t\t\t\t\t\t\tParticipation \u00e0 plusieurs championnats du monde \/ Multiple champion de Belgique\t\t\t\t\t\t\t\t<\/div>\n\t\t\t\t\t\t\t\t\t\t\t\t<\/div>\n\t\t\t\t\t\t\t\t\t<\/a>\n\t\t\t\t\t\t\t<a class=\"e-gallery-item elementor-gallery-item elementor-animated-content\" href=\"https:\/\/taekwondobrussels.be\/wp-content\/uploads\/2020\/02\/IMG_20200206_163813.jpg\" data-elementor-open-lightbox=\"yes\" data-elementor-lightbox-slideshow=\"86eb9d3\" data-elementor-lightbox-title=\"ZOUBIR LAMARTI ABDELOUAHAB EL AMADI\" data-elementor-lightbox-description=\"Participation \u00e0 plusieurs championnats du monde \/ Multiples champions de Belgique\" data-e-action-hash=\"#elementor-action%3Aaction%3Dlightbox%26settings%3DeyJpZCI6OTEzLCJ1cmwiOiJodHRwczpcL1wvdGFla3dvbmRvYnJ1c3NlbHMuYmVcL3dwLWNvbnRlbnRcL3VwbG9hZHNcLzIwMjBcLzAyXC9JTUdfMjAyMDAyMDZfMTYzODEzLmpwZyIsInNsaWRlc2hvdyI6Ijg2ZWI5ZDMifQ%3D%3D\">\n\t\t\t\t\t<div class=\"e-gallery-image elementor-gallery-item__image\" data-thumbnail=\"https:\/\/taekwondobrussels.be\/wp-content\/uploads\/2020\/02\/IMG_20200206_163813-300x300.jpg\" data-width=\"300\" data-height=\"300\" aria-label=\"ZOUBIR LAMARTI ABDELOUAHAB EL AMADI\" role=\"img\" ><\/div>\n\t\t\t\t\t\t\t\t\t\t\t<div class=\"elementor-gallery-item__overlay\"><\/div>\n\t\t\t\t\t\t\t\t\t\t\t\t\t\t\t<div class=\"elementor-gallery-item__content\">\n\t\t\t\t\t\t\t\t\t\t\t\t\t\t<div class=\"elementor-gallery-item__title\">\n\t\t\t\t\t\t\t\t\t\t\t\t\t\t\t\t\t\tZOUBIR LAMARTI ABDELOUAHAB EL AMADI\t\t\t\t\t\t\t\t<\/div>\n\t\t\t\t\t\t\t\t\t\t\t\t\t\t\t<div class=\"elementor-gallery-item__description\">\n\t\t\t\t\t\t\t\t\t\t\t\t\t\t\t\t\t\tParticipation \u00e0 plusieurs championnats du monde \/ Multiples champions de Belgique\t\t\t\t\t\t\t\t<\/div>\n\t\t\t\t\t\t\t\t\t\t\t\t<\/div>\n\t\t\t\t\t\t\t\t\t<\/a>\n\t\t\t\t\t\t\t<a class=\"e-gallery-item elementor-gallery-item elementor-animated-content\" href=\"https:\/\/taekwondobrussels.be\/wp-content\/uploads\/2020\/02\/IMG_20200206_164419.jpg\" data-elementor-open-lightbox=\"yes\" data-elementor-lightbox-slideshow=\"86eb9d3\" data-elementor-lightbox-title=\"SAMIR JOUL\" data-elementor-lightbox-description=\"Participation \u00e0 plusieurs championnats du monde \/ Multiple champion de Belgique\" data-e-action-hash=\"#elementor-action%3Aaction%3Dlightbox%26settings%3DeyJpZCI6OTE3LCJ1cmwiOiJodHRwczpcL1wvdGFla3dvbmRvYnJ1c3NlbHMuYmVcL3dwLWNvbnRlbnRcL3VwbG9hZHNcLzIwMjBcLzAyXC9JTUdfMjAyMDAyMDZfMTY0NDE5LmpwZyIsInNsaWRlc2hvdyI6Ijg2ZWI5ZDMifQ%3D%3D\">\n\t\t\t\t\t<div class=\"e-gallery-image elementor-gallery-item__image\" data-thumbnail=\"https:\/\/taekwondobrussels.be\/wp-content\/uploads\/2020\/02\/IMG_20200206_164419-297x300.jpg\" data-width=\"297\" data-height=\"300\" aria-label=\"SAMIR JOUL\" role=\"img\" ><\/div>\n\t\t\t\t\t\t\t\t\t\t\t<div class=\"elementor-gallery-item__overlay\"><\/div>\n\t\t\t\t\t\t\t\t\t\t\t\t\t\t\t<div class=\"elementor-gallery-item__content\">\n\t\t\t\t\t\t\t\t\t\t\t\t\t\t<div class=\"elementor-gallery-item__title\">\n\t\t\t\t\t\t\t\t\t\t\t\t\t\t\t\t\t\tSAMIR JOUL\t\t\t\t\t\t\t\t<\/div>\n\t\t\t\t\t\t\t\t\t\t\t\t\t\t\t<div class=\"elementor-gallery-item__description\">\n\t\t\t\t\t\t\t\t\t\t\t\t\t\t\t\t\t\tParticipation \u00e0 plusieurs championnats du monde \/ Multiple champion de Belgique\t\t\t\t\t\t\t\t<\/div>\n\t\t\t\t\t\t\t\t\t\t\t\t<\/div>\n\t\t\t\t\t\t\t\t\t<\/a>\n\t\t\t\t\t\t\t<a class=\"e-gallery-item elementor-gallery-item elementor-animated-content\" href=\"https:\/\/taekwondobrussels.be\/wp-content\/uploads\/2020\/02\/IMG_20200206_162230.jpg\" data-elementor-open-lightbox=\"yes\" data-elementor-lightbox-slideshow=\"86eb9d3\" data-elementor-lightbox-title=\"LEIDJI &amp; ISIAH MERLO\" data-elementor-lightbox-description=\"Participations \u00e0 plusieurs championnats du monde \/ Multiple champions du Congo\" data-e-action-hash=\"#elementor-action%3Aaction%3Dlightbox%26settings%3DeyJpZCI6OTA3LCJ1cmwiOiJodHRwczpcL1wvdGFla3dvbmRvYnJ1c3NlbHMuYmVcL3dwLWNvbnRlbnRcL3VwbG9hZHNcLzIwMjBcLzAyXC9JTUdfMjAyMDAyMDZfMTYyMjMwLmpwZyIsInNsaWRlc2hvdyI6Ijg2ZWI5ZDMifQ%3D%3D\">\n\t\t\t\t\t<div class=\"e-gallery-image elementor-gallery-item__image\" data-thumbnail=\"https:\/\/taekwondobrussels.be\/wp-content\/uploads\/2020\/02\/IMG_20200206_162230-300x300.jpg\" data-width=\"300\" data-height=\"300\" aria-label=\"LEIDJI &amp; ISIAH MERLO\" role=\"img\" ><\/div>\n\t\t\t\t\t\t\t\t\t\t\t<div class=\"elementor-gallery-item__overlay\"><\/div>\n\t\t\t\t\t\t\t\t\t\t\t\t\t\t\t<div class=\"elementor-gallery-item__content\">\n\t\t\t\t\t\t\t\t\t\t\t\t\t\t<div class=\"elementor-gallery-item__title\">\n\t\t\t\t\t\t\t\t\t\t\t\t\t\t\t\t\t\tLEIDJI & ISIAH MERLO\t\t\t\t\t\t\t\t<\/div>\n\t\t\t\t\t\t\t\t\t\t\t\t\t\t\t<div class=\"elementor-gallery-item__description\">\n\t\t\t\t\t\t\t\t\t\t\t\t\t\t\t\t\t\tParticipations \u00e0 plusieurs championnats du monde \/ Multiple champions du Congo\t\t\t\t\t\t\t\t<\/div>\n\t\t\t\t\t\t\t\t\t\t\t\t<\/div>\n\t\t\t\t\t\t\t\t\t<\/a>\n\t\t\t\t\t\t\t<a class=\"e-gallery-item elementor-gallery-item elementor-animated-content\" href=\"https:\/\/taekwondobrussels.be\/wp-content\/uploads\/2020\/02\/chamso.jpg\" data-elementor-open-lightbox=\"yes\" data-elementor-lightbox-slideshow=\"86eb9d3\" data-elementor-lightbox-title=\"CHAMSO TIDJANI\" data-e-action-hash=\"#elementor-action%3Aaction%3Dlightbox%26settings%3DeyJpZCI6MTA2MiwidXJsIjoiaHR0cHM6XC9cL3RhZWt3b25kb2JydXNzZWxzLmJlXC93cC1jb250ZW50XC91cGxvYWRzXC8yMDIwXC8wMlwvY2hhbXNvLmpwZyIsInNsaWRlc2hvdyI6Ijg2ZWI5ZDMifQ%3D%3D\">\n\t\t\t\t\t<div class=\"e-gallery-image elementor-gallery-item__image\" data-thumbnail=\"https:\/\/taekwondobrussels.be\/wp-content\/uploads\/2020\/02\/chamso-300x300.jpg\" data-width=\"300\" data-height=\"300\" aria-label=\"\" role=\"img\" ><\/div>\n\t\t\t\t\t\t\t\t\t\t\t<div class=\"elementor-gallery-item__overlay\"><\/div>\n\t\t\t\t\t\t\t\t\t\t\t\t\t\t\t<div class=\"elementor-gallery-item__content\">\n\t\t\t\t\t\t\t\t\t\t\t\t\t\t<div class=\"elementor-gallery-item__title\">\n\t\t\t\t\t\t\t\t\t\t\t\t\t\t\t\t\t\tCHAMSO TIDJANI\t\t\t\t\t\t\t\t<\/div>\n\t\t\t\t\t\t\t\t\t\t\t\t<\/div>\n\t\t\t\t\t\t\t\t\t<\/a>\n\t\t\t\t\t<\/div>\n\t\t\t\t\t<\/div>\n\t\t\t\t<\/div>\n\t\t\t\t\t<\/div>\n\t\t<\/div>\n\t\t\t\t\t<\/div>\n\t\t<\/section>\n\t\t\t\t<\/div>\n\t\t","protected":false},"excerpt":{"rendered":"<p>Mudukwan Champions For 35 years, the club has been training top athletes who have shone at the highest level of world takewondo.Here are several athletes with an exemplary international career.These champions have distinguished themselves on national teams : MoroccoAbdelkader Zrouri BelgiumMaryam IsmailyAbdelkrim HohoudZoubir LamartiAbdelouahab El AmadiDavid CalabroSamir Jo\u00fcl Democratic Republic of CongoLeidji MerloIsiah Merlo NigeriaChamso [&hellip;]<\/p>\n","protected":false},"author":1,"featured_media":0,"parent":0,"menu_order":0,"comment_status":"closed","ping_status":"closed","template":"","meta":{"footnotes":""},"class_list":["post-981","page","type-page","status-publish","hentry"],"_links":{"self":[{"href":"https:\/\/taekwondobrussels.be\/en\/wp-json\/wp\/v2\/pages\/981","targetHints":{"allow":["GET"]}}],"collection":[{"href":"https:\/\/taekwondobrussels.be\/en\/wp-json\/wp\/v2\/pages"}],"about":[{"href":"https:\/\/taekwondobrussels.be\/en\/wp-json\/wp\/v2\/types\/page"}],"author":[{"embeddable":true,"href":"https:\/\/taekwondobrussels.be\/en\/wp-json\/wp\/v2\/users\/1"}],"replies":[{"embeddable":true,"href":"https:\/\/taekwondobrussels.be\/en\/wp-json\/wp\/v2\/comments?post=981"}],"version-history":[{"count":5,"href":"https:\/\/taekwondobrussels.be\/en\/wp-json\/wp\/v2\/pages\/981\/revisions"}],"predecessor-version":[{"id":1929,"href":"https:\/\/taekwondobrussels.be\/en\/wp-json\/wp\/v2\/pages\/981\/revisions\/1929"}],"wp:attachment":[{"href":"https:\/\/taekwondobrussels.be\/en\/wp-json\/wp\/v2\/media?parent=981"}],"curies":[{"name":"wp","href":"https:\/\/api.w.org\/{rel}","templated":true}]}}