{"id":1634,"date":"2020-01-04T14:23:58","date_gmt":"2020-01-04T14:23:58","guid":{"rendered":"http:\/\/ue9u1aifzu.preview.infomaniak.website\/projets\/indoor-brussels\/"},"modified":"2020-04-27T07:09:43","modified_gmt":"2020-04-27T07:09:43","slug":"indoor-brussels","status":"publish","type":"page","link":"https:\/\/taekwondobrussels.be\/nl\/projets\/indoor-brussels\/","title":{"rendered":"Indoor Brussels Tournooi"},"content":{"rendered":"\t\t<div data-elementor-type=\"wp-page\" data-elementor-id=\"1634\" class=\"elementor elementor-1634 elementor-40\" data-elementor-post-type=\"page\">\n\t\t\t\t\t\t<section class=\"elementor-section elementor-top-section elementor-element elementor-element-469f0955 elementor-section-height-min-height elementor-hidden-phone elementor-section-boxed elementor-section-height-default elementor-section-items-middle\" data-id=\"469f0955\" data-element_type=\"section\" data-settings=\"{&quot;background_background&quot;:&quot;classic&quot;}\">\n\t\t\t\t\t\t<div class=\"elementor-container elementor-column-gap-default\">\n\t\t\t\t\t<div class=\"elementor-column elementor-col-100 elementor-top-column elementor-element elementor-element-114f8912\" data-id=\"114f8912\" data-element_type=\"column\">\n\t\t\t<div class=\"elementor-widget-wrap\">\n\t\t\t\t\t\t\t<\/div>\n\t\t<\/div>\n\t\t\t\t\t<\/div>\n\t\t<\/section>\n\t\t\t\t<section class=\"elementor-section elementor-top-section elementor-element elementor-element-39dd35ea elementor-section-stretched elementor-section-full_width elementor-section-height-default elementor-section-height-default\" data-id=\"39dd35ea\" data-element_type=\"section\" data-settings=\"{&quot;stretch_section&quot;:&quot;section-stretched&quot;}\">\n\t\t\t\t\t\t<div class=\"elementor-container elementor-column-gap-default\">\n\t\t\t\t\t<div class=\"elementor-column elementor-col-100 elementor-top-column elementor-element elementor-element-4b8942c2\" data-id=\"4b8942c2\" data-element_type=\"column\">\n\t\t\t<div class=\"elementor-widget-wrap elementor-element-populated\">\n\t\t\t\t\t\t<div class=\"elementor-element elementor-element-54e063dd elementor-hidden-desktop elementor-hidden-tablet elementor-widget elementor-widget-image\" data-id=\"54e063dd\" data-element_type=\"widget\" data-widget_type=\"image.default\">\n\t\t\t\t<div class=\"elementor-widget-container\">\n\t\t\t\t\t\t\t\t\t\t\t\t\t\t\t<img fetchpriority=\"high\" decoding=\"async\" width=\"400\" height=\"400\" src=\"https:\/\/taekwondobrussels.be\/wp-content\/uploads\/2020\/04\/IMG_20200406_193201.jpg\" class=\"attachment-full size-full wp-image-1406\" alt=\"\" srcset=\"https:\/\/taekwondobrussels.be\/wp-content\/uploads\/2020\/04\/IMG_20200406_193201.jpg 400w, https:\/\/taekwondobrussels.be\/wp-content\/uploads\/2020\/04\/IMG_20200406_193201-300x300.jpg 300w, https:\/\/taekwondobrussels.be\/wp-content\/uploads\/2020\/04\/IMG_20200406_193201-150x150.jpg 150w\" sizes=\"(max-width: 400px) 100vw, 400px\" \/>\t\t\t\t\t\t\t\t\t\t\t\t\t\t\t<\/div>\n\t\t\t\t<\/div>\n\t\t\t\t\t<\/div>\n\t\t<\/div>\n\t\t\t\t\t<\/div>\n\t\t<\/section>\n\t\t\t\t<section class=\"elementor-section elementor-top-section elementor-element elementor-element-66f1f003 elementor-section-boxed elementor-section-height-default elementor-section-height-default\" data-id=\"66f1f003\" data-element_type=\"section\">\n\t\t\t\t\t\t<div class=\"elementor-container elementor-column-gap-default\">\n\t\t\t\t\t<div class=\"elementor-column elementor-col-100 elementor-top-column elementor-element elementor-element-6e685a3c\" data-id=\"6e685a3c\" data-element_type=\"column\">\n\t\t\t<div class=\"elementor-widget-wrap elementor-element-populated\">\n\t\t\t\t\t\t<div class=\"elementor-element elementor-element-13983ab6 elementor-widget elementor-widget-text-editor\" data-id=\"13983ab6\" data-element_type=\"widget\" data-widget_type=\"text-editor.default\">\n\t\t\t\t<div class=\"elementor-widget-container\">\n\t\t\t\t\t\t\t\t\t<h1>Indoor Brussels Tournament<\/h1><p>Al meer dan 20 jaar organiseert de Mudukwan het grootste taekwondo-toernooi van Brussel.<\/p><p>Georganiseerd over 2 dagen in december, laat het atleten van over de hele wereld toe om hun kunst te komen uiten in Brussel.<\/p><p>Onder leiding van Moustapha Akkouh komen meer dan 1000 beoefenaars samen in het Zuid Paleis.<\/p><p>Teams uit Tunesi\u00eb, Marokko, Egypte, Itali\u00eb, Frankrijk, Groot-Brittanni\u00eb,&#8230; zijn aanwezig.<\/p><p>We verwelkomen scheidsrechters van over de hele wereld.<\/p><p>Merk op dat de zondag een kinderdag is waar kinderen en ondergordels de wedstrijd kunnen uitproberen.<\/p><p>Het evenement in samenwerking met de Stad Brussel is een belangrijk evenement in de taekwondkalender van het jaar.<\/p>\t\t\t\t\t\t\t\t<\/div>\n\t\t\t\t<\/div>\n\t\t\t\t<div class=\"elementor-element elementor-element-80cb291 elementor-widget elementor-widget-facebook-embed\" data-id=\"80cb291\" data-element_type=\"widget\" data-widget_type=\"facebook-embed.default\">\n\t\t\t\t<div class=\"elementor-widget-container\">\n\t\t\t\t\t<div style=\"min-height: 1px\" class=\"elementor-facebook-widget fb-video\" data-href=\"https:\/\/www.facebook.com\/102251361243128\/videos\/2430701340478953\/\" data-show-text=\"false\" data-allowfullscreen=\"false\" data-autoplay=\"true\" data-show-captions=\"false\"><\/div>\t\t\t\t<\/div>\n\t\t\t\t<\/div>\n\t\t\t\t<div class=\"elementor-element elementor-element-c0b070a elementor-widget elementor-widget-video\" data-id=\"c0b070a\" data-element_type=\"widget\" data-settings=\"{&quot;youtube_url&quot;:&quot;https:\\\/\\\/www.youtube.com\\\/watch?v=JHpIgfw1gt4&quot;,&quot;video_type&quot;:&quot;youtube&quot;,&quot;controls&quot;:&quot;yes&quot;}\" data-widget_type=\"video.default\">\n\t\t\t\t<div class=\"elementor-widget-container\">\n\t\t\t\t\t\t\t<div class=\"elementor-wrapper elementor-open-inline\">\n\t\t\t<div class=\"elementor-video\"><\/div>\t\t<\/div>\n\t\t\t\t\t\t<\/div>\n\t\t\t\t<\/div>\n\t\t\t\t\t<\/div>\n\t\t<\/div>\n\t\t\t\t\t<\/div>\n\t\t<\/section>\n\t\t\t\t<\/div>\n\t\t","protected":false},"excerpt":{"rendered":"<p>Indoor Brussels Tournament Al meer dan 20 jaar organiseert de Mudukwan het grootste taekwondo-toernooi van Brussel. Georganiseerd over 2 dagen in december, laat het atleten van over de hele wereld toe om hun kunst te komen uiten in Brussel. Onder leiding van Moustapha Akkouh komen meer dan 1000 beoefenaars samen in het Zuid Paleis. Teams [&hellip;]<\/p>\n","protected":false},"author":1,"featured_media":0,"parent":1443,"menu_order":0,"comment_status":"closed","ping_status":"closed","template":"","meta":{"footnotes":""},"class_list":["post-1634","page","type-page","status-publish","hentry"],"_links":{"self":[{"href":"https:\/\/taekwondobrussels.be\/nl\/wp-json\/wp\/v2\/pages\/1634","targetHints":{"allow":["GET"]}}],"collection":[{"href":"https:\/\/taekwondobrussels.be\/nl\/wp-json\/wp\/v2\/pages"}],"about":[{"href":"https:\/\/taekwondobrussels.be\/nl\/wp-json\/wp\/v2\/types\/page"}],"author":[{"embeddable":true,"href":"https:\/\/taekwondobrussels.be\/nl\/wp-json\/wp\/v2\/users\/1"}],"replies":[{"embeddable":true,"href":"https:\/\/taekwondobrussels.be\/nl\/wp-json\/wp\/v2\/comments?post=1634"}],"version-history":[{"count":14,"href":"https:\/\/taekwondobrussels.be\/nl\/wp-json\/wp\/v2\/pages\/1634\/revisions"}],"predecessor-version":[{"id":1891,"href":"https:\/\/taekwondobrussels.be\/nl\/wp-json\/wp\/v2\/pages\/1634\/revisions\/1891"}],"up":[{"embeddable":true,"href":"https:\/\/taekwondobrussels.be\/nl\/wp-json\/wp\/v2\/pages\/1443"}],"wp:attachment":[{"href":"https:\/\/taekwondobrussels.be\/nl\/wp-json\/wp\/v2\/media?parent=1634"}],"curies":[{"name":"wp","href":"https:\/\/api.w.org\/{rel}","templated":true}]}}